{"id":146,"date":"2017-10-22T10:33:42","date_gmt":"2017-10-22T10:33:42","guid":{"rendered":"http:\/\/wp.icorp.icomos.org\/?page_id=146"},"modified":"2017-10-22T10:37:43","modified_gmt":"2017-10-22T10:37:43","slug":"contacts","status":"publish","type":"page","link":"https:\/\/icorp.icomos.org\/index.php\/contacts\/","title":{"rendered":"Contact us"},"content":{"rendered":"<p>ICORP email:\u00a0<a href=\"mailto:icorp@icomos.org\">icorp[at]icomos.org<\/a><\/p>\n<p><a href=\"http:\/\/www.icomos.org\/index.php\/en\/\">ICOMOS International Secretariat<\/a><br \/>\n11 rue du S\u00e9minaire de Conflans 94 220 Charenton-le-Pont, France<br \/>\nTel. + 33 (0) 1 41 94 17 59 Fax. + 33 (0) 1 48 93 19 16 E-mail: secretariat[at]icomos.org<\/p>\n<p>ICOMOS ICORP Secretariat at\u00a0Y\u0131ld\u0131z Technical University<br \/>\nFaculty of Architecture<br \/>\nRestoration Department, Room: 205<br \/>\n34349 Y\u0131ld\u0131z ISTANBUL TURKEY<br \/>\nTelephone : +90 212 383 26 30<br \/>\nFax : +90 212 383 26 53<\/p>\n","protected":false},"excerpt":{"rendered":"<p>ICORP email:\u00a0icorp[at]icomos.org ICOMOS International Secretariat 11 rue du S\u00e9minaire de Conflans 94 220 Charenton-le-Pont, France Tel. + 33 (0) 1 41 94 17 59 Fax. + 33 (0) 1 48 93 19 16 E-mail: secretariat[at]icomos.org ICOMOS ICORP Secretariat at\u00a0Y\u0131ld\u0131z Technical University Faculty of Architecture Restoration Department, Room: 205 34349 Y\u0131ld\u0131z ISTANBUL TURKEY Telephone : +90 &hellip; <a href=\"https:\/\/icorp.icomos.org\/index.php\/contacts\/\" class=\"more-link\">Continue reading<span class=\"screen-reader-text\"> &#8220;Contact us&#8221;<\/span><\/a><\/p>\n","protected":false},"author":2,"featured_media":0,"parent":0,"menu_order":0,"comment_status":"closed","ping_status":"closed","template":"","meta":{"footnotes":""},"class_list":["post-146","page","type-page","status-publish","hentry"],"_links":{"self":[{"href":"https:\/\/icorp.icomos.org\/index.php\/wp-json\/wp\/v2\/pages\/146","targetHints":{"allow":["GET"]}}],"collection":[{"href":"https:\/\/icorp.icomos.org\/index.php\/wp-json\/wp\/v2\/pages"}],"about":[{"href":"https:\/\/icorp.icomos.org\/index.php\/wp-json\/wp\/v2\/types\/page"}],"author":[{"embeddable":true,"href":"https:\/\/icorp.icomos.org\/index.php\/wp-json\/wp\/v2\/users\/2"}],"replies":[{"embeddable":true,"href":"https:\/\/icorp.icomos.org\/index.php\/wp-json\/wp\/v2\/comments?post=146"}],"version-history":[{"count":4,"href":"https:\/\/icorp.icomos.org\/index.php\/wp-json\/wp\/v2\/pages\/146\/revisions"}],"predecessor-version":[{"id":150,"href":"https:\/\/icorp.icomos.org\/index.php\/wp-json\/wp\/v2\/pages\/146\/revisions\/150"}],"wp:attachment":[{"href":"https:\/\/icorp.icomos.org\/index.php\/wp-json\/wp\/v2\/media?parent=146"}],"curies":[{"name":"wp","href":"https:\/\/api.w.org\/{rel}","templated":true}]}}